{"id":751,"date":"2018-08-02T11:58:31","date_gmt":"2018-08-02T14:58:31","guid":{"rendered":"https:\/\/ens6-mis.infd.edu.ar\/sitio\/datos-institucionales\/"},"modified":"2019-08-26T21:23:24","modified_gmt":"2019-08-27T00:23:24","slug":"datos-institucionales","status":"publish","type":"page","link":"https:\/\/ens6-mis.infd.edu.ar\/sitio\/datos-institucionales\/","title":{"rendered":"Instituto Superior de Formaci\u00f3n Docente \u00abCaingu\u00e1s\u00bb"},"content":{"rendered":"<blockquote><p><span style=\"font-family: verdana; font-size: small;\">En esta p\u00e1gina ir\u00e1n los datos institucionales:<\/span><\/p>\n<ul>\n<li><span style=\"font-family: verdana; font-size: small;\">Nombre completo (incluyendo n\u00famero de ISFD, si corresponde)<\/span><\/li>\n<li><span style=\"font-family: verdana; font-size: small;\">Horarios de atenci\u00f3n<\/span><\/li>\n<li><span style=\"font-family: verdana; font-size: small;\">Direcci\u00f3n<\/span><\/li>\n<li><span style=\"font-family: verdana; font-size: small;\">Tel\u00e9fonos<\/span><\/li>\n<li><span style=\"font-family: verdana; font-size: small;\">E-mail de consultas<\/span><\/li>\n<li><span style=\"font-family: verdana; font-size: small;\">URL<\/span><\/li>\n<\/ul>\n<\/blockquote>\n","protected":false},"excerpt":{"rendered":"<p>En esta p\u00e1gina ir\u00e1n los datos institucionales: Nombre completo (incluyendo n\u00famero de ISFD, si corresponde) Horarios de atenci\u00f3n Direcci\u00f3n Tel\u00e9fonos E-mail de consultas URL<\/p>\n","protected":false},"author":14,"featured_media":0,"parent":0,"menu_order":0,"comment_status":"closed","ping_status":"closed","template":"","meta":[],"acf":[],"_links":{"self":[{"href":"https:\/\/ens6-mis.infd.edu.ar\/sitio\/wp-json\/wp\/v2\/pages\/751"}],"collection":[{"href":"https:\/\/ens6-mis.infd.edu.ar\/sitio\/wp-json\/wp\/v2\/pages"}],"about":[{"href":"https:\/\/ens6-mis.infd.edu.ar\/sitio\/wp-json\/wp\/v2\/types\/page"}],"author":[{"embeddable":true,"href":"https:\/\/ens6-mis.infd.edu.ar\/sitio\/wp-json\/wp\/v2\/users\/14"}],"replies":[{"embeddable":true,"href":"https:\/\/ens6-mis.infd.edu.ar\/sitio\/wp-json\/wp\/v2\/comments?post=751"}],"version-history":[{"count":2,"href":"https:\/\/ens6-mis.infd.edu.ar\/sitio\/wp-json\/wp\/v2\/pages\/751\/revisions"}],"predecessor-version":[{"id":781,"href":"https:\/\/ens6-mis.infd.edu.ar\/sitio\/wp-json\/wp\/v2\/pages\/751\/revisions\/781"}],"wp:attachment":[{"href":"https:\/\/ens6-mis.infd.edu.ar\/sitio\/wp-json\/wp\/v2\/media?parent=751"}],"curies":[{"name":"wp","href":"https:\/\/api.w.org\/{rel}","templated":true}]}}